{"id":236,"date":"2016-04-07T12:37:35","date_gmt":"2016-04-07T10:37:35","guid":{"rendered":"http:\/\/skottevik.no\/en\/dap"},"modified":"2016-04-19T14:01:02","modified_gmt":"2016-04-19T12:01:02","slug":"dap","status":"publish","type":"page","link":"https:\/\/skottevik.no\/en\/restaurant\/utleie\/dap\/","title":{"rendered":"D\u00e5p"},"content":{"rendered":"<p>Familie og venner samles rundt den lille p\u00e5 denne viktige merkedagen.<\/p>\n<p>V\u00e5r, sommer, h\u00f8st eller vinter. Brygga Restaurant dekker bordet og serverer god, hjemmelaget mat. Trenger noen av gjestene overnatting har vi flere muligheter.<\/p>\n","protected":false},"excerpt":{"rendered":"<p>Familie og venner samles rundt den lille p\u00e5 denne viktige merkedagen. V\u00e5r, sommer, h\u00f8st eller vinter. Brygga Restaurant dekker bordet og serverer god, hjemmelaget mat. Trenger noen av gjestene overnatting har vi flere muligheter.<\/p>\n","protected":false},"author":2,"featured_media":0,"parent":231,"menu_order":18,"comment_status":"closed","ping_status":"closed","template":"page-article.php","meta":{"_acf_changed":false,"footnotes":""},"class_list":["post-236","page","type-page","status-publish","hentry"],"acf":[],"yoast_head":"<!-- This site is optimized with the Yoast SEO plugin v27.3 - https:\/\/yoast.com\/product\/yoast-seo-wordpress\/ -->\n<title>Lei v\u00e5re selskaplokaler til d\u00e5psfest<\/title>\n<meta name=\"robots\" content=\"index, follow, max-snippet:-1, max-image-preview:large, max-video-preview:-1\" \/>\n<link rel=\"canonical\" href=\"https:\/\/skottevik.no\/en\/restaurant\/utleie\/dap\/\" \/>\n<meta property=\"og:locale\" content=\"nb_NO\" \/>\n<meta property=\"og:type\" content=\"article\" \/>\n<meta property=\"og:title\" content=\"Lei v\u00e5re selskaplokaler til d\u00e5psfest\" \/>\n<meta property=\"og:description\" content=\"Familie og venner samles rundt den lille p\u00e5 denne viktige merkedagen. V\u00e5r, sommer, h\u00f8st eller vinter. Brygga Restaurant dekker bordet og serverer god, hjemmelaget mat. Trenger noen av gjestene overnatting har vi flere muligheter.\" \/>\n<meta property=\"og:url\" content=\"https:\/\/skottevik.no\/en\/restaurant\/utleie\/dap\/\" \/>\n<meta property=\"og:site_name\" content=\"Skottevik.no English\" \/>\n<meta property=\"article:modified_time\" content=\"2016-04-19T12:01:02+00:00\" \/>\n<meta property=\"og:image\" content=\"https:\/\/skottevik.no\/en\/wp-content\/uploads\/sites\/4\/2016\/05\/konf-1-300x225.jpg\" \/>\n<meta name=\"twitter:card\" content=\"summary_large_image\" \/>\n<script type=\"application\/ld+json\" class=\"yoast-schema-graph\">{\"@context\":\"https:\\\/\\\/schema.org\",\"@graph\":[{\"@type\":\"WebPage\",\"@id\":\"https:\\\/\\\/skottevik.no\\\/en\\\/restaurant\\\/utleie\\\/dap\\\/\",\"url\":\"https:\\\/\\\/skottevik.no\\\/en\\\/restaurant\\\/utleie\\\/dap\\\/\",\"name\":\"Lei v\u00e5re selskaplokaler til d\u00e5psfest\",\"isPartOf\":{\"@id\":\"https:\\\/\\\/skottevik.no\\\/en\\\/#website\"},\"primaryImageOfPage\":{\"@id\":\"https:\\\/\\\/skottevik.no\\\/en\\\/restaurant\\\/utleie\\\/dap\\\/#primaryimage\"},\"image\":{\"@id\":\"https:\\\/\\\/skottevik.no\\\/en\\\/restaurant\\\/utleie\\\/dap\\\/#primaryimage\"},\"thumbnailUrl\":\"https:\\\/\\\/skottevik.no\\\/en\\\/wp-content\\\/uploads\\\/sites\\\/4\\\/2016\\\/04\\\/barnedaap2-300x200.jpg\",\"datePublished\":\"2016-04-07T10:37:35+00:00\",\"dateModified\":\"2016-04-19T12:01:02+00:00\",\"breadcrumb\":{\"@id\":\"https:\\\/\\\/skottevik.no\\\/en\\\/restaurant\\\/utleie\\\/dap\\\/#breadcrumb\"},\"inLanguage\":\"nb-NO\",\"potentialAction\":[{\"@type\":\"ReadAction\",\"target\":[\"https:\\\/\\\/skottevik.no\\\/en\\\/restaurant\\\/utleie\\\/dap\\\/\"]}]},{\"@type\":\"ImageObject\",\"inLanguage\":\"nb-NO\",\"@id\":\"https:\\\/\\\/skottevik.no\\\/en\\\/restaurant\\\/utleie\\\/dap\\\/#primaryimage\",\"url\":\"https:\\\/\\\/skottevik.no\\\/en\\\/wp-content\\\/uploads\\\/sites\\\/4\\\/2016\\\/04\\\/barnedaap2.jpg\",\"contentUrl\":\"https:\\\/\\\/skottevik.no\\\/en\\\/wp-content\\\/uploads\\\/sites\\\/4\\\/2016\\\/04\\\/barnedaap2.jpg\",\"width\":900,\"height\":600,\"caption\":\"Barned\u00e5p\"},{\"@type\":\"BreadcrumbList\",\"@id\":\"https:\\\/\\\/skottevik.no\\\/en\\\/restaurant\\\/utleie\\\/dap\\\/#breadcrumb\",\"itemListElement\":[{\"@type\":\"ListItem\",\"position\":1,\"name\":\"Home\",\"item\":\"https:\\\/\\\/skottevik.no\\\/en\\\/\"},{\"@type\":\"ListItem\",\"position\":2,\"name\":\"Restaurant\",\"item\":\"https:\\\/\\\/skottevik.no\\\/en\\\/restaurant\\\/\"},{\"@type\":\"ListItem\",\"position\":3,\"name\":\"Utleie\",\"item\":\"https:\\\/\\\/skottevik.no\\\/en\\\/?page_id=231\"},{\"@type\":\"ListItem\",\"position\":4,\"name\":\"D\u00e5p\"}]},{\"@type\":\"WebSite\",\"@id\":\"https:\\\/\\\/skottevik.no\\\/en\\\/#website\",\"url\":\"https:\\\/\\\/skottevik.no\\\/en\\\/\",\"name\":\"Skottevik.no English\",\"description\":\"Skottevik Feriesenter - Large holiday Centre where all facilities are at your disposal.\",\"potentialAction\":[{\"@type\":\"SearchAction\",\"target\":{\"@type\":\"EntryPoint\",\"urlTemplate\":\"https:\\\/\\\/skottevik.no\\\/en\\\/?s={search_term_string}\"},\"query-input\":{\"@type\":\"PropertyValueSpecification\",\"valueRequired\":true,\"valueName\":\"search_term_string\"}}],\"inLanguage\":\"nb-NO\"}]}<\/script>\n<!-- \/ Yoast SEO plugin. -->","yoast_head_json":{"title":"Lei v\u00e5re selskaplokaler til d\u00e5psfest","robots":{"index":"index","follow":"follow","max-snippet":"max-snippet:-1","max-image-preview":"max-image-preview:large","max-video-preview":"max-video-preview:-1"},"canonical":"https:\/\/skottevik.no\/en\/restaurant\/utleie\/dap\/","og_locale":"nb_NO","og_type":"article","og_title":"Lei v\u00e5re selskaplokaler til d\u00e5psfest","og_description":"Familie og venner samles rundt den lille p\u00e5 denne viktige merkedagen. V\u00e5r, sommer, h\u00f8st eller vinter. Brygga Restaurant dekker bordet og serverer god, hjemmelaget mat. Trenger noen av gjestene overnatting har vi flere muligheter.","og_url":"https:\/\/skottevik.no\/en\/restaurant\/utleie\/dap\/","og_site_name":"Skottevik.no English","article_modified_time":"2016-04-19T12:01:02+00:00","og_image":[{"url":"https:\/\/skottevik.no\/en\/wp-content\/uploads\/sites\/4\/2016\/05\/konf-1-300x225.jpg","type":"","width":"","height":""}],"twitter_card":"summary_large_image","schema":{"@context":"https:\/\/schema.org","@graph":[{"@type":"WebPage","@id":"https:\/\/skottevik.no\/en\/restaurant\/utleie\/dap\/","url":"https:\/\/skottevik.no\/en\/restaurant\/utleie\/dap\/","name":"Lei v\u00e5re selskaplokaler til d\u00e5psfest","isPartOf":{"@id":"https:\/\/skottevik.no\/en\/#website"},"primaryImageOfPage":{"@id":"https:\/\/skottevik.no\/en\/restaurant\/utleie\/dap\/#primaryimage"},"image":{"@id":"https:\/\/skottevik.no\/en\/restaurant\/utleie\/dap\/#primaryimage"},"thumbnailUrl":"https:\/\/skottevik.no\/en\/wp-content\/uploads\/sites\/4\/2016\/04\/barnedaap2-300x200.jpg","datePublished":"2016-04-07T10:37:35+00:00","dateModified":"2016-04-19T12:01:02+00:00","breadcrumb":{"@id":"https:\/\/skottevik.no\/en\/restaurant\/utleie\/dap\/#breadcrumb"},"inLanguage":"nb-NO","potentialAction":[{"@type":"ReadAction","target":["https:\/\/skottevik.no\/en\/restaurant\/utleie\/dap\/"]}]},{"@type":"ImageObject","inLanguage":"nb-NO","@id":"https:\/\/skottevik.no\/en\/restaurant\/utleie\/dap\/#primaryimage","url":"https:\/\/skottevik.no\/en\/wp-content\/uploads\/sites\/4\/2016\/04\/barnedaap2.jpg","contentUrl":"https:\/\/skottevik.no\/en\/wp-content\/uploads\/sites\/4\/2016\/04\/barnedaap2.jpg","width":900,"height":600,"caption":"Barned\u00e5p"},{"@type":"BreadcrumbList","@id":"https:\/\/skottevik.no\/en\/restaurant\/utleie\/dap\/#breadcrumb","itemListElement":[{"@type":"ListItem","position":1,"name":"Home","item":"https:\/\/skottevik.no\/en\/"},{"@type":"ListItem","position":2,"name":"Restaurant","item":"https:\/\/skottevik.no\/en\/restaurant\/"},{"@type":"ListItem","position":3,"name":"Utleie","item":"https:\/\/skottevik.no\/en\/?page_id=231"},{"@type":"ListItem","position":4,"name":"D\u00e5p"}]},{"@type":"WebSite","@id":"https:\/\/skottevik.no\/en\/#website","url":"https:\/\/skottevik.no\/en\/","name":"Skottevik.no English","description":"Skottevik Feriesenter - Large holiday Centre where all facilities are at your disposal.","potentialAction":[{"@type":"SearchAction","target":{"@type":"EntryPoint","urlTemplate":"https:\/\/skottevik.no\/en\/?s={search_term_string}"},"query-input":{"@type":"PropertyValueSpecification","valueRequired":true,"valueName":"search_term_string"}}],"inLanguage":"nb-NO"}]}},"_links":{"self":[{"href":"https:\/\/skottevik.no\/en\/wp-json\/wp\/v2\/pages\/236","targetHints":{"allow":["GET"]}}],"collection":[{"href":"https:\/\/skottevik.no\/en\/wp-json\/wp\/v2\/pages"}],"about":[{"href":"https:\/\/skottevik.no\/en\/wp-json\/wp\/v2\/types\/page"}],"author":[{"embeddable":true,"href":"https:\/\/skottevik.no\/en\/wp-json\/wp\/v2\/users\/2"}],"replies":[{"embeddable":true,"href":"https:\/\/skottevik.no\/en\/wp-json\/wp\/v2\/comments?post=236"}],"version-history":[{"count":0,"href":"https:\/\/skottevik.no\/en\/wp-json\/wp\/v2\/pages\/236\/revisions"}],"up":[{"embeddable":true,"href":"https:\/\/skottevik.no\/en\/wp-json\/wp\/v2\/pages\/231"}],"wp:attachment":[{"href":"https:\/\/skottevik.no\/en\/wp-json\/wp\/v2\/media?parent=236"}],"curies":[{"name":"wp","href":"https:\/\/api.w.org\/{rel}","templated":true}]}}